{"id":1571,"date":"2022-04-11T22:15:15","date_gmt":"2022-04-11T22:15:15","guid":{"rendered":"https:\/\/allday.tecnoavisos.com.co\/?post_type=product&#038;p=1571"},"modified":"2022-04-11T22:15:15","modified_gmt":"2022-04-11T22:15:15","slug":"cuadros-con-estampados-de-cascadas","status":"publish","type":"product","link":"https:\/\/allday.tecnoavisos.com.co\/index.php\/product\/cuadros-con-estampados-de-cascadas\/","title":{"rendered":"Cuadros con estampados de Cascadas"},"content":{"rendered":"<p><span data-contrast=\"none\">Cuadros estampados para ambientar hogar, oficina o cualquier lugar.<\/span><span data-ccp-props=\"{&quot;134233117&quot;:true,&quot;134233118&quot;:true,&quot;201341983&quot;:0,&quot;335559740&quot;:240}\">\u00a0<\/span><\/p>\n<p><span data-contrast=\"none\">Material: Cuero sint\u00e9tico, Cer\u00e1mica, tela, acr\u00edlico, vinilo adhesivo, papel (Afiches).<\/span><\/p>\n<p><span data-contrast=\"none\">Medidas de 106 x 60 cm &#8211; <\/span><span data-contrast=\"none\">90 x 60 cm.<\/span><\/p>\n<p><span data-contrast=\"none\">Precio para m\u00e1s de 100 unidades: $ 59.900.<\/span><span data-ccp-props=\"{&quot;134233117&quot;:true,&quot;134233118&quot;:true,&quot;201341983&quot;:0,&quot;335559740&quot;:240}\">\u00a0<\/span><\/p>\n<p><strong>Antes de concretar la compra, comun\u00edcate con nosotros para solicitar descuento de mayorista.\u00a0<\/strong><\/p>\n","protected":false},"excerpt":{"rendered":"<p>Cuadros con estampados de Cascadas<\/p>\n","protected":false},"featured_media":1148,"comment_status":"open","ping_status":"closed","template":"","meta":[],"product_cat":[15],"product_tag":[40,77,76,38,33,37,34,36,42,39,41],"featured_media_urls":{"thumbnail":["https:\/\/allday.tecnoavisos.com.co\/wp-content\/uploads\/2022\/04\/CUADRO-027-150x150.jpg",150,150,true],"medium":["https:\/\/allday.tecnoavisos.com.co\/wp-content\/uploads\/2022\/04\/CUADRO-027-300x179.jpg",300,179,true],"medium_large":["https:\/\/allday.tecnoavisos.com.co\/wp-content\/uploads\/2022\/04\/CUADRO-027-768x458.jpg",768,458,true],"large":["https:\/\/allday.tecnoavisos.com.co\/wp-content\/uploads\/2022\/04\/CUADRO-027-1024x611.jpg",950,567,true],"1536x1536":["https:\/\/allday.tecnoavisos.com.co\/wp-content\/uploads\/2022\/04\/CUADRO-027-1536x917.jpg",1536,917,true],"2048x2048":["https:\/\/allday.tecnoavisos.com.co\/wp-content\/uploads\/2022\/04\/CUADRO-027.jpg",1860,1110,false],"inspiro-featured-image":["https:\/\/allday.tecnoavisos.com.co\/wp-content\/uploads\/2022\/04\/CUADRO-027.jpg",1860,1110,false],"inspiro-loop":["https:\/\/allday.tecnoavisos.com.co\/wp-content\/uploads\/2022\/04\/CUADRO-027-950x320.jpg",950,320,true],"inspiro-loop@2x":["https:\/\/allday.tecnoavisos.com.co\/wp-content\/uploads\/2022\/04\/CUADRO-027-1860x640.jpg",1860,640,true],"woocommerce_thumbnail":["https:\/\/allday.tecnoavisos.com.co\/wp-content\/uploads\/2022\/04\/CUADRO-027-600x358.jpg",600,358,true],"woocommerce_single":["https:\/\/allday.tecnoavisos.com.co\/wp-content\/uploads\/2022\/04\/CUADRO-027-600x358.jpg",600,358,true],"woocommerce_gallery_thumbnail":["https:\/\/allday.tecnoavisos.com.co\/wp-content\/uploads\/2022\/04\/CUADRO-027-100x100.jpg",100,100,true],"shop_catalog":["https:\/\/allday.tecnoavisos.com.co\/wp-content\/uploads\/2022\/04\/CUADRO-027-600x358.jpg",600,358,true],"shop_single":["https:\/\/allday.tecnoavisos.com.co\/wp-content\/uploads\/2022\/04\/CUADRO-027-600x358.jpg",600,358,true],"shop_thumbnail":["https:\/\/allday.tecnoavisos.com.co\/wp-content\/uploads\/2022\/04\/CUADRO-027-100x100.jpg",100,100,true],"portfolio_item-thumbnail":["https:\/\/allday.tecnoavisos.com.co\/wp-content\/uploads\/2022\/04\/CUADRO-027.jpg",600,358,false]},"_links":{"self":[{"href":"https:\/\/allday.tecnoavisos.com.co\/index.php\/wp-json\/wp\/v2\/product\/1571"}],"collection":[{"href":"https:\/\/allday.tecnoavisos.com.co\/index.php\/wp-json\/wp\/v2\/product"}],"about":[{"href":"https:\/\/allday.tecnoavisos.com.co\/index.php\/wp-json\/wp\/v2\/types\/product"}],"replies":[{"embeddable":true,"href":"https:\/\/allday.tecnoavisos.com.co\/index.php\/wp-json\/wp\/v2\/comments?post=1571"}],"wp:featuredmedia":[{"embeddable":true,"href":"https:\/\/allday.tecnoavisos.com.co\/index.php\/wp-json\/wp\/v2\/media\/1148"}],"wp:attachment":[{"href":"https:\/\/allday.tecnoavisos.com.co\/index.php\/wp-json\/wp\/v2\/media?parent=1571"}],"wp:term":[{"taxonomy":"product_cat","embeddable":true,"href":"https:\/\/allday.tecnoavisos.com.co\/index.php\/wp-json\/wp\/v2\/product_cat?post=1571"},{"taxonomy":"product_tag","embeddable":true,"href":"https:\/\/allday.tecnoavisos.com.co\/index.php\/wp-json\/wp\/v2\/product_tag?post=1571"}],"curies":[{"name":"wp","href":"https:\/\/api.w.org\/{rel}","templated":true}]}}